{"id":10588,"date":"2024-01-24T14:15:30","date_gmt":"2024-01-24T13:15:30","guid":{"rendered":"https:\/\/botanicae.es\/?post_type=product&#038;p=10588"},"modified":"2024-12-23T12:16:17","modified_gmt":"2024-12-23T11:16:17","slug":"pulverizador-de-viaje-rellenable","status":"publish","type":"product","link":"https:\/\/botanicae.es\/es\/producto\/pulverizador-de-viaje-rellenable\/","title":{"rendered":"Pulverizador de viaje rellenable"},"content":{"rendered":"<p>Vaporizador<\/p>\n","protected":false},"excerpt":{"rendered":"<p>Un atomizador de fragancias perfecto para acompa\u00f1arte en tus viajes. Recarga f\u00e1cilmente a trav\u00e9s de su base y transporta hasta 8ml de tu fragancia favorita all\u00e1 donde vayas.<\/p>\n","protected":false},"featured_media":17542,"comment_status":"closed","ping_status":"closed","template":"","meta":{"inline_featured_image":false},"product_brand":[],"product_cat":[21],"product_tag":[],"class_list":{"0":"post-10588","1":"product","2":"type-product","3":"status-publish","4":"has-post-thumbnail","6":"product_cat-discovery-set","8":"first","9":"instock","10":"taxable","11":"shipping-taxable","12":"purchasable","13":"product-type-simple"},"_links":{"self":[{"href":"https:\/\/botanicae.es\/es\/wp-json\/wp\/v2\/product\/10588","targetHints":{"allow":["GET"]}}],"collection":[{"href":"https:\/\/botanicae.es\/es\/wp-json\/wp\/v2\/product"}],"about":[{"href":"https:\/\/botanicae.es\/es\/wp-json\/wp\/v2\/types\/product"}],"replies":[{"embeddable":true,"href":"https:\/\/botanicae.es\/es\/wp-json\/wp\/v2\/comments?post=10588"}],"version-history":[{"count":1,"href":"https:\/\/botanicae.es\/es\/wp-json\/wp\/v2\/product\/10588\/revisions"}],"predecessor-version":[{"id":17551,"href":"https:\/\/botanicae.es\/es\/wp-json\/wp\/v2\/product\/10588\/revisions\/17551"}],"wp:featuredmedia":[{"embeddable":true,"href":"https:\/\/botanicae.es\/es\/wp-json\/wp\/v2\/media\/17542"}],"wp:attachment":[{"href":"https:\/\/botanicae.es\/es\/wp-json\/wp\/v2\/media?parent=10588"}],"wp:term":[{"taxonomy":"product_brand","embeddable":true,"href":"https:\/\/botanicae.es\/es\/wp-json\/wp\/v2\/product_brand?post=10588"},{"taxonomy":"product_cat","embeddable":true,"href":"https:\/\/botanicae.es\/es\/wp-json\/wp\/v2\/product_cat?post=10588"},{"taxonomy":"product_tag","embeddable":true,"href":"https:\/\/botanicae.es\/es\/wp-json\/wp\/v2\/product_tag?post=10588"}],"curies":[{"name":"wp","href":"https:\/\/api.w.org\/{rel}","templated":true}]}}