{"id":15376,"date":"2024-05-10T14:45:26","date_gmt":"2024-05-10T13:45:26","guid":{"rendered":"https:\/\/botanicae.es\/?post_type=product&#038;p=15376"},"modified":"2025-03-11T11:20:36","modified_gmt":"2025-03-11T10:20:36","slug":"meraki","status":"publish","type":"product","link":"https:\/\/botanicae.es\/es\/producto\/meraki\/","title":{"rendered":"Meraki"},"content":{"rendered":"<p>Eau de Parfum<\/p>\n","protected":false},"excerpt":{"rendered":"<p>Pasan los d\u00edas en la isla y su ritmo se hace con nosotros. Serenos, los vecinos se entregan con pasi\u00f3n a sus tareas. Dedicados, pero sin prisa, son conscientes de que ya est\u00e1n en el para\u00edso.<br \/>\nAl atardecer, las flores destacan entre el azul y el blanco. Nos quedamos en este verano eterno.<br \/>\n<strong>Santorini<\/strong>.<\/p>\n","protected":false},"featured_media":17427,"comment_status":"closed","ping_status":"closed","template":"","meta":{"inline_featured_image":false},"product_brand":[],"product_cat":[416,423],"product_tag":[],"class_list":{"0":"post-15376","1":"product","2":"type-product","3":"status-publish","4":"has-post-thumbnail","6":"product_cat-eau-de-parfum","7":"product_cat-fragancias","9":"first","10":"instock","11":"taxable","12":"shipping-taxable","13":"purchasable","14":"product-type-simple"},"_links":{"self":[{"href":"https:\/\/botanicae.es\/es\/wp-json\/wp\/v2\/product\/15376","targetHints":{"allow":["GET"]}}],"collection":[{"href":"https:\/\/botanicae.es\/es\/wp-json\/wp\/v2\/product"}],"about":[{"href":"https:\/\/botanicae.es\/es\/wp-json\/wp\/v2\/types\/product"}],"replies":[{"embeddable":true,"href":"https:\/\/botanicae.es\/es\/wp-json\/wp\/v2\/comments?post=15376"}],"version-history":[{"count":2,"href":"https:\/\/botanicae.es\/es\/wp-json\/wp\/v2\/product\/15376\/revisions"}],"predecessor-version":[{"id":16662,"href":"https:\/\/botanicae.es\/es\/wp-json\/wp\/v2\/product\/15376\/revisions\/16662"}],"wp:featuredmedia":[{"embeddable":true,"href":"https:\/\/botanicae.es\/es\/wp-json\/wp\/v2\/media\/17427"}],"wp:attachment":[{"href":"https:\/\/botanicae.es\/es\/wp-json\/wp\/v2\/media?parent=15376"}],"wp:term":[{"taxonomy":"product_brand","embeddable":true,"href":"https:\/\/botanicae.es\/es\/wp-json\/wp\/v2\/product_brand?post=15376"},{"taxonomy":"product_cat","embeddable":true,"href":"https:\/\/botanicae.es\/es\/wp-json\/wp\/v2\/product_cat?post=15376"},{"taxonomy":"product_tag","embeddable":true,"href":"https:\/\/botanicae.es\/es\/wp-json\/wp\/v2\/product_tag?post=15376"}],"curies":[{"name":"wp","href":"https:\/\/api.w.org\/{rel}","templated":true}]}}