{"id":5692,"date":"2022-12-13T17:56:21","date_gmt":"2022-12-13T17:56:21","guid":{"rendered":"https:\/\/staging.botanicae.es\/the-glasshouse-en\/"},"modified":"2024-12-23T11:54:26","modified_gmt":"2024-12-23T10:54:26","slug":"the-glasshouse","status":"publish","type":"product","link":"https:\/\/botanicae.es\/es\/producto\/the-glasshouse\/","title":{"rendered":"The Glasshouse"},"content":{"rendered":"<p>El sol calienta la atm\u00f3sfera. S\u00f3lo se escuchan susurros y el canto de los p\u00e1jaros. En el invernadero todo est\u00e1 en silencio. Las flores vuelven a cantar.<\/p>\n","protected":false},"excerpt":{"rendered":"<p>El sol calienta la atm\u00f3sfera. S\u00f3lo se escuchan susurros y el canto de los p\u00e1jaros. En el invernadero todo est\u00e1 en silencio. Las flores vuelven a cantar.<\/p>\n","protected":false},"featured_media":17385,"comment_status":"closed","ping_status":"closed","template":"","meta":{"inline_featured_image":false},"product_brand":[],"product_cat":[107,162],"product_tag":[],"class_list":{"0":"post-5692","1":"product","2":"type-product","3":"status-publish","4":"has-post-thumbnail","6":"product_cat-hogar","7":"product_cat-velas","9":"first","10":"instock","11":"taxable","12":"shipping-taxable","13":"purchasable","14":"product-type-simple"},"_links":{"self":[{"href":"https:\/\/botanicae.es\/es\/wp-json\/wp\/v2\/product\/5692","targetHints":{"allow":["GET"]}}],"collection":[{"href":"https:\/\/botanicae.es\/es\/wp-json\/wp\/v2\/product"}],"about":[{"href":"https:\/\/botanicae.es\/es\/wp-json\/wp\/v2\/types\/product"}],"replies":[{"embeddable":true,"href":"https:\/\/botanicae.es\/es\/wp-json\/wp\/v2\/comments?post=5692"}],"version-history":[{"count":1,"href":"https:\/\/botanicae.es\/es\/wp-json\/wp\/v2\/product\/5692\/revisions"}],"predecessor-version":[{"id":16987,"href":"https:\/\/botanicae.es\/es\/wp-json\/wp\/v2\/product\/5692\/revisions\/16987"}],"wp:featuredmedia":[{"embeddable":true,"href":"https:\/\/botanicae.es\/es\/wp-json\/wp\/v2\/media\/17385"}],"wp:attachment":[{"href":"https:\/\/botanicae.es\/es\/wp-json\/wp\/v2\/media?parent=5692"}],"wp:term":[{"taxonomy":"product_brand","embeddable":true,"href":"https:\/\/botanicae.es\/es\/wp-json\/wp\/v2\/product_brand?post=5692"},{"taxonomy":"product_cat","embeddable":true,"href":"https:\/\/botanicae.es\/es\/wp-json\/wp\/v2\/product_cat?post=5692"},{"taxonomy":"product_tag","embeddable":true,"href":"https:\/\/botanicae.es\/es\/wp-json\/wp\/v2\/product_tag?post=5692"}],"curies":[{"name":"wp","href":"https:\/\/api.w.org\/{rel}","templated":true}]}}