{"id":6417,"date":"2023-11-09T12:23:26","date_gmt":"2023-11-09T12:23:26","guid":{"rendered":"https:\/\/staging.botanicae.es\/chan-chan\/"},"modified":"2025-03-11T10:24:30","modified_gmt":"2025-03-11T09:24:30","slug":"chan-chan","status":"publish","type":"product","link":"https:\/\/botanicae.es\/es\/producto\/chan-chan\/","title":{"rendered":"Chan Chan"},"content":{"rendered":"<p>Eau de Toilette<\/p>\n","protected":false},"excerpt":{"rendered":"<p>Guayaberas y sombreros Panam\u00e1. Vestidos ligeros movi\u00e9ndose con el viento. Domin\u00f3, sillas viejas<br \/>\npintadas de azul. Ron y puros. Flores en el pelo. Una sobredosis de m\u00fasica en la calle.<\/p>\n","protected":false},"featured_media":17319,"comment_status":"closed","ping_status":"closed","template":"","meta":{"inline_featured_image":false},"product_brand":[],"product_cat":[423,15],"product_tag":[],"class_list":{"0":"post-6417","1":"product","2":"type-product","3":"status-publish","4":"has-post-thumbnail","6":"product_cat-fragancias","7":"product_cat-eau-de-toilette","9":"first","10":"instock","11":"taxable","12":"shipping-taxable","13":"purchasable","14":"product-type-simple"},"_links":{"self":[{"href":"https:\/\/botanicae.es\/es\/wp-json\/wp\/v2\/product\/6417","targetHints":{"allow":["GET"]}}],"collection":[{"href":"https:\/\/botanicae.es\/es\/wp-json\/wp\/v2\/product"}],"about":[{"href":"https:\/\/botanicae.es\/es\/wp-json\/wp\/v2\/types\/product"}],"replies":[{"embeddable":true,"href":"https:\/\/botanicae.es\/es\/wp-json\/wp\/v2\/comments?post=6417"}],"version-history":[{"count":1,"href":"https:\/\/botanicae.es\/es\/wp-json\/wp\/v2\/product\/6417\/revisions"}],"predecessor-version":[{"id":16718,"href":"https:\/\/botanicae.es\/es\/wp-json\/wp\/v2\/product\/6417\/revisions\/16718"}],"wp:featuredmedia":[{"embeddable":true,"href":"https:\/\/botanicae.es\/es\/wp-json\/wp\/v2\/media\/17319"}],"wp:attachment":[{"href":"https:\/\/botanicae.es\/es\/wp-json\/wp\/v2\/media?parent=6417"}],"wp:term":[{"taxonomy":"product_brand","embeddable":true,"href":"https:\/\/botanicae.es\/es\/wp-json\/wp\/v2\/product_brand?post=6417"},{"taxonomy":"product_cat","embeddable":true,"href":"https:\/\/botanicae.es\/es\/wp-json\/wp\/v2\/product_cat?post=6417"},{"taxonomy":"product_tag","embeddable":true,"href":"https:\/\/botanicae.es\/es\/wp-json\/wp\/v2\/product_tag?post=6417"}],"curies":[{"name":"wp","href":"https:\/\/api.w.org\/{rel}","templated":true}]}}