{"id":6474,"date":"2023-11-09T12:23:26","date_gmt":"2023-11-09T12:23:26","guid":{"rendered":"https:\/\/staging.botanicae.es\/epoque\/"},"modified":"2026-01-29T14:13:51","modified_gmt":"2026-01-29T13:13:51","slug":"epoque","status":"publish","type":"product","link":"https:\/\/botanicae.es\/es\/producto\/epoque\/","title":{"rendered":"Epoque"},"content":{"rendered":"<p>Eau de Parfum<\/p>\n","protected":false},"excerpt":{"rendered":"<p>Entrar all\u00ed era transportarse a otra \u00e9poca. Cientos de objetos guardados con cari\u00f1o por lo que fueron, sin m\u00e1s utilidad que recordar a los m\u00e1s j\u00f3venes el valor de su pasado.<\/p>\n<p><strong>Perpignan.<\/strong><\/p>\n","protected":false},"featured_media":17448,"comment_status":"closed","ping_status":"closed","template":"","meta":{"inline_featured_image":false},"product_brand":[],"product_cat":[423,416],"product_tag":[],"class_list":{"0":"post-6474","1":"product","2":"type-product","3":"status-publish","4":"has-post-thumbnail","6":"product_cat-fragancias","7":"product_cat-eau-de-parfum","9":"first","10":"instock","11":"taxable","12":"shipping-taxable","13":"purchasable","14":"product-type-simple"},"_links":{"self":[{"href":"https:\/\/botanicae.es\/es\/wp-json\/wp\/v2\/product\/6474","targetHints":{"allow":["GET"]}}],"collection":[{"href":"https:\/\/botanicae.es\/es\/wp-json\/wp\/v2\/product"}],"about":[{"href":"https:\/\/botanicae.es\/es\/wp-json\/wp\/v2\/types\/product"}],"replies":[{"embeddable":true,"href":"https:\/\/botanicae.es\/es\/wp-json\/wp\/v2\/comments?post=6474"}],"version-history":[{"count":1,"href":"https:\/\/botanicae.es\/es\/wp-json\/wp\/v2\/product\/6474\/revisions"}],"predecessor-version":[{"id":16745,"href":"https:\/\/botanicae.es\/es\/wp-json\/wp\/v2\/product\/6474\/revisions\/16745"}],"wp:featuredmedia":[{"embeddable":true,"href":"https:\/\/botanicae.es\/es\/wp-json\/wp\/v2\/media\/17448"}],"wp:attachment":[{"href":"https:\/\/botanicae.es\/es\/wp-json\/wp\/v2\/media?parent=6474"}],"wp:term":[{"taxonomy":"product_brand","embeddable":true,"href":"https:\/\/botanicae.es\/es\/wp-json\/wp\/v2\/product_brand?post=6474"},{"taxonomy":"product_cat","embeddable":true,"href":"https:\/\/botanicae.es\/es\/wp-json\/wp\/v2\/product_cat?post=6474"},{"taxonomy":"product_tag","embeddable":true,"href":"https:\/\/botanicae.es\/es\/wp-json\/wp\/v2\/product_tag?post=6474"}],"curies":[{"name":"wp","href":"https:\/\/api.w.org\/{rel}","templated":true}]}}