{"id":6515,"date":"2023-11-09T12:23:26","date_gmt":"2023-11-09T12:23:26","guid":{"rendered":"https:\/\/staging.botanicae.es\/kit-de-4-velas\/"},"modified":"2025-01-14T11:07:40","modified_gmt":"2025-01-14T10:07:40","slug":"kit-de-4-velas","status":"publish","type":"product","link":"https:\/\/botanicae.es\/es\/producto\/kit-de-4-velas\/","title":{"rendered":"Kit de 4 velas"},"content":{"rendered":"<p>Con este Kit de cuatro velas arom\u00e1ticas sentir\u00e1s la aventura de viajar por los lugares en los que est\u00e1 inspirada cada una de ellas. Crea, siente y disfruta de un ambiente \u00fanico en tu hogar. Descubre la colecci\u00f3n completa.<\/p>\n","protected":false},"excerpt":{"rendered":"<p>Con este Kit de cuatro velas arom\u00e1ticas sentir\u00e1s la aventura de viajar por los lugares en los que est\u00e1 inspirada cada una de ellas. Crea, siente y disfruta de un ambiente \u00fanico en tu hogar. Descubre la colecci\u00f3n completa.<\/p>\n","protected":false},"featured_media":17400,"comment_status":"closed","ping_status":"closed","template":"","meta":{"inline_featured_image":false},"product_brand":[],"product_cat":[107,162],"product_tag":[],"class_list":{"0":"post-6515","1":"product","2":"type-product","3":"status-publish","4":"has-post-thumbnail","6":"product_cat-hogar","7":"product_cat-velas","9":"first","10":"instock","11":"taxable","12":"shipping-taxable","13":"purchasable","14":"product-type-simple"},"_links":{"self":[{"href":"https:\/\/botanicae.es\/es\/wp-json\/wp\/v2\/product\/6515","targetHints":{"allow":["GET"]}}],"collection":[{"href":"https:\/\/botanicae.es\/es\/wp-json\/wp\/v2\/product"}],"about":[{"href":"https:\/\/botanicae.es\/es\/wp-json\/wp\/v2\/types\/product"}],"replies":[{"embeddable":true,"href":"https:\/\/botanicae.es\/es\/wp-json\/wp\/v2\/comments?post=6515"}],"version-history":[{"count":2,"href":"https:\/\/botanicae.es\/es\/wp-json\/wp\/v2\/product\/6515\/revisions"}],"predecessor-version":[{"id":16990,"href":"https:\/\/botanicae.es\/es\/wp-json\/wp\/v2\/product\/6515\/revisions\/16990"}],"wp:featuredmedia":[{"embeddable":true,"href":"https:\/\/botanicae.es\/es\/wp-json\/wp\/v2\/media\/17400"}],"wp:attachment":[{"href":"https:\/\/botanicae.es\/es\/wp-json\/wp\/v2\/media?parent=6515"}],"wp:term":[{"taxonomy":"product_brand","embeddable":true,"href":"https:\/\/botanicae.es\/es\/wp-json\/wp\/v2\/product_brand?post=6515"},{"taxonomy":"product_cat","embeddable":true,"href":"https:\/\/botanicae.es\/es\/wp-json\/wp\/v2\/product_cat?post=6515"},{"taxonomy":"product_tag","embeddable":true,"href":"https:\/\/botanicae.es\/es\/wp-json\/wp\/v2\/product_tag?post=6515"}],"curies":[{"name":"wp","href":"https:\/\/api.w.org\/{rel}","templated":true}]}}