{"id":6534,"date":"2023-11-09T12:23:26","date_gmt":"2023-11-09T12:23:26","guid":{"rendered":"https:\/\/staging.botanicae.es\/onda\/"},"modified":"2025-03-11T10:21:42","modified_gmt":"2025-03-11T09:21:42","slug":"onda","status":"publish","type":"product","link":"https:\/\/botanicae.es\/es\/producto\/onda\/","title":{"rendered":"Onda"},"content":{"rendered":"<p>Eau de Toilette<\/p>\n","protected":false},"excerpt":{"rendered":"<p>Un amanecer sobre el Atl\u00e1ntico que baila. Silencio. Nada de stress ni zapatos. La c\u00e1lida bienvenida de la furgoneta despu\u00e9s de una sesi\u00f3n congelada. La piel salada y arena bajo los pies.<\/p>\n","protected":false},"featured_media":17322,"comment_status":"closed","ping_status":"closed","template":"","meta":{"inline_featured_image":false},"product_brand":[],"product_cat":[423,15],"product_tag":[],"class_list":{"0":"post-6534","1":"product","2":"type-product","3":"status-publish","4":"has-post-thumbnail","6":"product_cat-fragancias","7":"product_cat-eau-de-toilette","9":"first","10":"instock","11":"taxable","12":"shipping-taxable","13":"purchasable","14":"product-type-simple"},"_links":{"self":[{"href":"https:\/\/botanicae.es\/es\/wp-json\/wp\/v2\/product\/6534","targetHints":{"allow":["GET"]}}],"collection":[{"href":"https:\/\/botanicae.es\/es\/wp-json\/wp\/v2\/product"}],"about":[{"href":"https:\/\/botanicae.es\/es\/wp-json\/wp\/v2\/types\/product"}],"replies":[{"embeddable":true,"href":"https:\/\/botanicae.es\/es\/wp-json\/wp\/v2\/comments?post=6534"}],"version-history":[{"count":1,"href":"https:\/\/botanicae.es\/es\/wp-json\/wp\/v2\/product\/6534\/revisions"}],"predecessor-version":[{"id":16753,"href":"https:\/\/botanicae.es\/es\/wp-json\/wp\/v2\/product\/6534\/revisions\/16753"}],"wp:featuredmedia":[{"embeddable":true,"href":"https:\/\/botanicae.es\/es\/wp-json\/wp\/v2\/media\/17322"}],"wp:attachment":[{"href":"https:\/\/botanicae.es\/es\/wp-json\/wp\/v2\/media?parent=6534"}],"wp:term":[{"taxonomy":"product_brand","embeddable":true,"href":"https:\/\/botanicae.es\/es\/wp-json\/wp\/v2\/product_brand?post=6534"},{"taxonomy":"product_cat","embeddable":true,"href":"https:\/\/botanicae.es\/es\/wp-json\/wp\/v2\/product_cat?post=6534"},{"taxonomy":"product_tag","embeddable":true,"href":"https:\/\/botanicae.es\/es\/wp-json\/wp\/v2\/product_tag?post=6534"}],"curies":[{"name":"wp","href":"https:\/\/api.w.org\/{rel}","templated":true}]}}