{"id":6553,"date":"2023-11-09T12:23:26","date_gmt":"2023-11-09T12:23:26","guid":{"rendered":"https:\/\/staging.botanicae.es\/petit\/"},"modified":"2025-03-11T10:21:27","modified_gmt":"2025-03-11T09:21:27","slug":"petit","status":"publish","type":"product","link":"https:\/\/botanicae.es\/es\/producto\/petit\/","title":{"rendered":"Petit"},"content":{"rendered":"<p>Eau de Toilette<\/p>\n","protected":false},"excerpt":{"rendered":"<p>La alegr\u00eda de la casa. Una tarde jugando en el sof\u00e1. Sonrisas, besos, un mont\u00f3n de mimos. Los primeros paisajes en nuestros paseos. La sensaci\u00f3n de descubrimiento en todos los detalles.<\/p>\n","protected":false},"featured_media":17316,"comment_status":"closed","ping_status":"closed","template":"","meta":{"inline_featured_image":false},"product_brand":[],"product_cat":[423,15],"product_tag":[],"class_list":{"0":"post-6553","1":"product","2":"type-product","3":"status-publish","4":"has-post-thumbnail","6":"product_cat-fragancias","7":"product_cat-eau-de-toilette","9":"first","10":"instock","11":"taxable","12":"shipping-taxable","13":"purchasable","14":"product-type-simple"},"_links":{"self":[{"href":"https:\/\/botanicae.es\/es\/wp-json\/wp\/v2\/product\/6553","targetHints":{"allow":["GET"]}}],"collection":[{"href":"https:\/\/botanicae.es\/es\/wp-json\/wp\/v2\/product"}],"about":[{"href":"https:\/\/botanicae.es\/es\/wp-json\/wp\/v2\/types\/product"}],"replies":[{"embeddable":true,"href":"https:\/\/botanicae.es\/es\/wp-json\/wp\/v2\/comments?post=6553"}],"version-history":[{"count":1,"href":"https:\/\/botanicae.es\/es\/wp-json\/wp\/v2\/product\/6553\/revisions"}],"predecessor-version":[{"id":16752,"href":"https:\/\/botanicae.es\/es\/wp-json\/wp\/v2\/product\/6553\/revisions\/16752"}],"wp:featuredmedia":[{"embeddable":true,"href":"https:\/\/botanicae.es\/es\/wp-json\/wp\/v2\/media\/17316"}],"wp:attachment":[{"href":"https:\/\/botanicae.es\/es\/wp-json\/wp\/v2\/media?parent=6553"}],"wp:term":[{"taxonomy":"product_brand","embeddable":true,"href":"https:\/\/botanicae.es\/es\/wp-json\/wp\/v2\/product_brand?post=6553"},{"taxonomy":"product_cat","embeddable":true,"href":"https:\/\/botanicae.es\/es\/wp-json\/wp\/v2\/product_cat?post=6553"},{"taxonomy":"product_tag","embeddable":true,"href":"https:\/\/botanicae.es\/es\/wp-json\/wp\/v2\/product_tag?post=6553"}],"curies":[{"name":"wp","href":"https:\/\/api.w.org\/{rel}","templated":true}]}}