{"id":8398,"date":"2023-11-13T12:33:58","date_gmt":"2023-11-13T12:33:58","guid":{"rendered":"https:\/\/staging.botanicae.es\/?post_type=product&#038;p=8398"},"modified":"2026-01-13T14:00:17","modified_gmt":"2026-01-13T13:00:17","slug":"ebano","status":"publish","type":"product","link":"https:\/\/botanicae.es\/es\/producto\/ebano\/","title":{"rendered":"Ebano"},"content":{"rendered":"<p>Elixir de parfum\u00a075ML<\/p>\n","protected":false},"excerpt":{"rendered":"<p>Sum\u00e9rgete en la valiente narrativa de Ryszard Kapu\u015bci\u0144ski con &#8220;\u00c9bano&#8221;, una fragancia que captura la esencia de su viaje a lo desconocido.<\/p>\n","protected":false},"featured_media":17280,"comment_status":"closed","ping_status":"closed","template":"","meta":{"inline_featured_image":false},"product_brand":[],"product_cat":[730,423],"product_tag":[],"class_list":{"0":"post-8398","1":"product","2":"type-product","3":"status-publish","4":"has-post-thumbnail","6":"product_cat-elixir","7":"product_cat-fragancias","9":"first","10":"instock","11":"taxable","12":"shipping-taxable","13":"purchasable","14":"product-type-simple"},"_links":{"self":[{"href":"https:\/\/botanicae.es\/es\/wp-json\/wp\/v2\/product\/8398","targetHints":{"allow":["GET"]}}],"collection":[{"href":"https:\/\/botanicae.es\/es\/wp-json\/wp\/v2\/product"}],"about":[{"href":"https:\/\/botanicae.es\/es\/wp-json\/wp\/v2\/types\/product"}],"replies":[{"embeddable":true,"href":"https:\/\/botanicae.es\/es\/wp-json\/wp\/v2\/comments?post=8398"}],"version-history":[{"count":1,"href":"https:\/\/botanicae.es\/es\/wp-json\/wp\/v2\/product\/8398\/revisions"}],"predecessor-version":[{"id":16743,"href":"https:\/\/botanicae.es\/es\/wp-json\/wp\/v2\/product\/8398\/revisions\/16743"}],"wp:featuredmedia":[{"embeddable":true,"href":"https:\/\/botanicae.es\/es\/wp-json\/wp\/v2\/media\/17280"}],"wp:attachment":[{"href":"https:\/\/botanicae.es\/es\/wp-json\/wp\/v2\/media?parent=8398"}],"wp:term":[{"taxonomy":"product_brand","embeddable":true,"href":"https:\/\/botanicae.es\/es\/wp-json\/wp\/v2\/product_brand?post=8398"},{"taxonomy":"product_cat","embeddable":true,"href":"https:\/\/botanicae.es\/es\/wp-json\/wp\/v2\/product_cat?post=8398"},{"taxonomy":"product_tag","embeddable":true,"href":"https:\/\/botanicae.es\/es\/wp-json\/wp\/v2\/product_tag?post=8398"}],"curies":[{"name":"wp","href":"https:\/\/api.w.org\/{rel}","templated":true}]}}