{"id":8973,"date":"2023-11-15T14:32:51","date_gmt":"2023-11-15T14:32:51","guid":{"rendered":"https:\/\/botanicae.es\/?post_type=product&#038;p=8973"},"modified":"2026-01-13T14:00:06","modified_gmt":"2026-01-13T13:00:06","slug":"noa-noa","status":"publish","type":"product","link":"https:\/\/botanicae.es\/es\/producto\/noa-noa\/","title":{"rendered":"Noa Noa"},"content":{"rendered":"<p>Elixir de parfum\u00a075ML<\/p>\n","protected":false},"excerpt":{"rendered":"<p><span style=\"font-weight: 400;\">A trav\u00e9s de \u201cNoa Noa\u201d, te invitamos a sumergirte en el mundo de Paul Gauguin, a sentir su pasi\u00f3n y a explorar el para\u00edso a trav\u00e9s de su mirada<\/span><\/p>\n","protected":false},"featured_media":17268,"comment_status":"closed","ping_status":"closed","template":"","meta":{"inline_featured_image":false},"product_brand":[],"product_cat":[730,423],"product_tag":[],"class_list":{"0":"post-8973","1":"product","2":"type-product","3":"status-publish","4":"has-post-thumbnail","6":"product_cat-elixir","7":"product_cat-fragancias","9":"first","10":"instock","11":"taxable","12":"shipping-taxable","13":"purchasable","14":"product-type-simple"},"_links":{"self":[{"href":"https:\/\/botanicae.es\/es\/wp-json\/wp\/v2\/product\/8973","targetHints":{"allow":["GET"]}}],"collection":[{"href":"https:\/\/botanicae.es\/es\/wp-json\/wp\/v2\/product"}],"about":[{"href":"https:\/\/botanicae.es\/es\/wp-json\/wp\/v2\/types\/product"}],"replies":[{"embeddable":true,"href":"https:\/\/botanicae.es\/es\/wp-json\/wp\/v2\/comments?post=8973"}],"version-history":[{"count":1,"href":"https:\/\/botanicae.es\/es\/wp-json\/wp\/v2\/product\/8973\/revisions"}],"predecessor-version":[{"id":16742,"href":"https:\/\/botanicae.es\/es\/wp-json\/wp\/v2\/product\/8973\/revisions\/16742"}],"wp:featuredmedia":[{"embeddable":true,"href":"https:\/\/botanicae.es\/es\/wp-json\/wp\/v2\/media\/17268"}],"wp:attachment":[{"href":"https:\/\/botanicae.es\/es\/wp-json\/wp\/v2\/media?parent=8973"}],"wp:term":[{"taxonomy":"product_brand","embeddable":true,"href":"https:\/\/botanicae.es\/es\/wp-json\/wp\/v2\/product_brand?post=8973"},{"taxonomy":"product_cat","embeddable":true,"href":"https:\/\/botanicae.es\/es\/wp-json\/wp\/v2\/product_cat?post=8973"},{"taxonomy":"product_tag","embeddable":true,"href":"https:\/\/botanicae.es\/es\/wp-json\/wp\/v2\/product_tag?post=8973"}],"curies":[{"name":"wp","href":"https:\/\/api.w.org\/{rel}","templated":true}]}}