{"id":9092,"date":"2023-11-19T20:28:27","date_gmt":"2023-11-19T19:28:27","guid":{"rendered":"https:\/\/botanicae.es\/?post_type=product&#038;p=9092"},"modified":"2026-01-13T13:59:58","modified_gmt":"2026-01-13T12:59:58","slug":"taro","status":"publish","type":"product","link":"https:\/\/botanicae.es\/es\/producto\/taro\/","title":{"rendered":"Taro"},"content":{"rendered":"<p>Elixir de parfum\u00a075ML<\/p>\n","protected":false},"excerpt":{"rendered":"<p><span style=\"font-weight: 400;\">Ad\u00e9ntrate en el legado de Gerda Taro, la fotorreportera alemana cuya valent\u00eda la convirti\u00f3 en un s\u00edmbolo de coraje.<\/span><\/p>\n","protected":false},"featured_media":17744,"comment_status":"closed","ping_status":"closed","template":"","meta":{"inline_featured_image":false},"product_brand":[],"product_cat":[730,423],"product_tag":[],"class_list":{"0":"post-9092","1":"product","2":"type-product","3":"status-publish","4":"has-post-thumbnail","6":"product_cat-elixir","7":"product_cat-fragancias","9":"first","10":"instock","11":"taxable","12":"shipping-taxable","13":"purchasable","14":"product-type-simple"},"_links":{"self":[{"href":"https:\/\/botanicae.es\/es\/wp-json\/wp\/v2\/product\/9092","targetHints":{"allow":["GET"]}}],"collection":[{"href":"https:\/\/botanicae.es\/es\/wp-json\/wp\/v2\/product"}],"about":[{"href":"https:\/\/botanicae.es\/es\/wp-json\/wp\/v2\/types\/product"}],"replies":[{"embeddable":true,"href":"https:\/\/botanicae.es\/es\/wp-json\/wp\/v2\/comments?post=9092"}],"version-history":[{"count":2,"href":"https:\/\/botanicae.es\/es\/wp-json\/wp\/v2\/product\/9092\/revisions"}],"predecessor-version":[{"id":19982,"href":"https:\/\/botanicae.es\/es\/wp-json\/wp\/v2\/product\/9092\/revisions\/19982"}],"wp:featuredmedia":[{"embeddable":true,"href":"https:\/\/botanicae.es\/es\/wp-json\/wp\/v2\/media\/17744"}],"wp:attachment":[{"href":"https:\/\/botanicae.es\/es\/wp-json\/wp\/v2\/media?parent=9092"}],"wp:term":[{"taxonomy":"product_brand","embeddable":true,"href":"https:\/\/botanicae.es\/es\/wp-json\/wp\/v2\/product_brand?post=9092"},{"taxonomy":"product_cat","embeddable":true,"href":"https:\/\/botanicae.es\/es\/wp-json\/wp\/v2\/product_cat?post=9092"},{"taxonomy":"product_tag","embeddable":true,"href":"https:\/\/botanicae.es\/es\/wp-json\/wp\/v2\/product_tag?post=9092"}],"curies":[{"name":"wp","href":"https:\/\/api.w.org\/{rel}","templated":true}]}}