{"id":9107,"date":"2023-11-21T13:49:55","date_gmt":"2023-11-21T12:49:55","guid":{"rendered":"https:\/\/botanicae.es\/?post_type=product&#038;p=9107"},"modified":"2026-01-13T13:59:33","modified_gmt":"2026-01-13T12:59:33","slug":"endurance","status":"publish","type":"product","link":"https:\/\/botanicae.es\/es\/producto\/endurance\/","title":{"rendered":"Endurance"},"content":{"rendered":"<p>Elixir de parfum\u00a075ML<\/p>\n","protected":false},"excerpt":{"rendered":"<p><span style=\"font-weight: 400;\">Inspirada en la m\u00edtica traves\u00eda al Polo Sur a bordo del Endurance, cada nota evoca el esp\u00edritu indomable de Shackleton y su tripulaci\u00f3n. <\/span><\/p>\n","protected":false},"featured_media":17277,"comment_status":"closed","ping_status":"closed","template":"","meta":{"inline_featured_image":false},"product_brand":[],"product_cat":[730,423],"product_tag":[],"class_list":{"0":"post-9107","1":"product","2":"type-product","3":"status-publish","4":"has-post-thumbnail","6":"product_cat-elixir","7":"product_cat-fragancias","9":"first","10":"instock","11":"taxable","12":"shipping-taxable","13":"purchasable","14":"product-type-simple"},"_links":{"self":[{"href":"https:\/\/botanicae.es\/es\/wp-json\/wp\/v2\/product\/9107","targetHints":{"allow":["GET"]}}],"collection":[{"href":"https:\/\/botanicae.es\/es\/wp-json\/wp\/v2\/product"}],"about":[{"href":"https:\/\/botanicae.es\/es\/wp-json\/wp\/v2\/types\/product"}],"replies":[{"embeddable":true,"href":"https:\/\/botanicae.es\/es\/wp-json\/wp\/v2\/comments?post=9107"}],"version-history":[{"count":1,"href":"https:\/\/botanicae.es\/es\/wp-json\/wp\/v2\/product\/9107\/revisions"}],"predecessor-version":[{"id":16740,"href":"https:\/\/botanicae.es\/es\/wp-json\/wp\/v2\/product\/9107\/revisions\/16740"}],"wp:featuredmedia":[{"embeddable":true,"href":"https:\/\/botanicae.es\/es\/wp-json\/wp\/v2\/media\/17277"}],"wp:attachment":[{"href":"https:\/\/botanicae.es\/es\/wp-json\/wp\/v2\/media?parent=9107"}],"wp:term":[{"taxonomy":"product_brand","embeddable":true,"href":"https:\/\/botanicae.es\/es\/wp-json\/wp\/v2\/product_brand?post=9107"},{"taxonomy":"product_cat","embeddable":true,"href":"https:\/\/botanicae.es\/es\/wp-json\/wp\/v2\/product_cat?post=9107"},{"taxonomy":"product_tag","embeddable":true,"href":"https:\/\/botanicae.es\/es\/wp-json\/wp\/v2\/product_tag?post=9107"}],"curies":[{"name":"wp","href":"https:\/\/api.w.org\/{rel}","templated":true}]}}