{"id":6746,"date":"2023-11-09T12:23:26","date_gmt":"2023-11-09T11:23:26","guid":{"rendered":"https:\/\/staging.botanicae.es\/flower-cafe\/"},"modified":"2026-03-18T13:46:28","modified_gmt":"2026-03-18T12:46:28","slug":"flower-cafe","status":"publish","type":"product","link":"https:\/\/botanicae.es\/it\/prodotto\/flower-cafe\/","title":{"rendered":"Flower Caf\u00e9"},"content":{"rendered":"<p>Le conversazioni non si fermano mai al Petit Caf\u00e9. Circondati da fiori, fumo di narghil\u00e8 e bevendo caff\u00e8, i pi\u00f9 francesi dell\u2019est discutono con entusiasmo. <strong>Beirut.<\/strong><\/p>\n","protected":false},"excerpt":{"rendered":"<p>Le conversazioni non si fermano mai al Petit Caf\u00e9. Circondati da fiori, fumo di narghil\u00e8 e bevendo caff\u00e8, i pi\u00f9 francesi dell\u2019est discutono con entusiasmo. <strong>Beirut.<\/strong><\/p>\n","protected":false},"featured_media":17459,"comment_status":"closed","ping_status":"closed","template":"","meta":{"inline_featured_image":false},"product_brand":[],"product_cat":[503,502],"product_tag":[],"class_list":{"0":"post-6746","1":"product","2":"type-product","3":"status-publish","4":"has-post-thumbnail","6":"product_cat-eau-de-parfum","7":"product_cat-fragranze","9":"first","10":"instock","11":"taxable","12":"shipping-taxable","13":"purchasable","14":"product-type-simple"},"_links":{"self":[{"href":"https:\/\/botanicae.es\/it\/wp-json\/wp\/v2\/product\/6746","targetHints":{"allow":["GET"]}}],"collection":[{"href":"https:\/\/botanicae.es\/it\/wp-json\/wp\/v2\/product"}],"about":[{"href":"https:\/\/botanicae.es\/it\/wp-json\/wp\/v2\/types\/product"}],"replies":[{"embeddable":true,"href":"https:\/\/botanicae.es\/it\/wp-json\/wp\/v2\/comments?post=6746"}],"version-history":[{"count":2,"href":"https:\/\/botanicae.es\/it\/wp-json\/wp\/v2\/product\/6746\/revisions"}],"predecessor-version":[{"id":20178,"href":"https:\/\/botanicae.es\/it\/wp-json\/wp\/v2\/product\/6746\/revisions\/20178"}],"wp:featuredmedia":[{"embeddable":true,"href":"https:\/\/botanicae.es\/it\/wp-json\/wp\/v2\/media\/17459"}],"wp:attachment":[{"href":"https:\/\/botanicae.es\/it\/wp-json\/wp\/v2\/media?parent=6746"}],"wp:term":[{"taxonomy":"product_brand","embeddable":true,"href":"https:\/\/botanicae.es\/it\/wp-json\/wp\/v2\/product_brand?post=6746"},{"taxonomy":"product_cat","embeddable":true,"href":"https:\/\/botanicae.es\/it\/wp-json\/wp\/v2\/product_cat?post=6746"},{"taxonomy":"product_tag","embeddable":true,"href":"https:\/\/botanicae.es\/it\/wp-json\/wp\/v2\/product_tag?post=6746"}],"curies":[{"name":"wp","href":"https:\/\/api.w.org\/{rel}","templated":true}]}}