{"id":8870,"date":"2023-11-13T12:33:58","date_gmt":"2023-11-13T11:33:58","guid":{"rendered":"https:\/\/botanicae.es\/producto\/ebano\/"},"modified":"2024-06-17T11:38:58","modified_gmt":"2024-06-17T10:38:58","slug":"ebano","status":"publish","type":"product","link":"https:\/\/botanicae.es\/it\/prodotto\/ebano\/","title":{"rendered":"Ebano"},"content":{"rendered":"<p>Nelle pagine di &#8216;Ebano&#8217; di Ryszard Kapu\u015bci\u0144ski si trova un racconto di coraggio ed esplorazione, un viaggio nell&#8217;ignoto che narra, senza perdere il dettaglio quotidiano, i grandi momenti storici dell&#8217;Africa del XX secolo.<\/p>\n","protected":false},"excerpt":{"rendered":"<p><span style=\"font-weight: 400;\">Immergiti nella coraggiosa narrazione di Ryszard Kapu\u015bci\u0144ski con &#8216;\u00c9bano,&#8217; una fragranza che cattura l&#8217;essenza del suo viaggio verso l&#8217;ignoto.<\/span><\/p>\n","protected":false},"featured_media":17282,"comment_status":"closed","ping_status":"closed","template":"","meta":{"inline_featured_image":false},"product_brand":[],"product_cat":[732,502],"product_tag":[],"class_list":{"0":"post-8870","1":"product","2":"type-product","3":"status-publish","4":"has-post-thumbnail","6":"product_cat-elixir","7":"product_cat-fragranze","9":"first","10":"instock","11":"taxable","12":"shipping-taxable","13":"purchasable","14":"product-type-simple"},"_links":{"self":[{"href":"https:\/\/botanicae.es\/it\/wp-json\/wp\/v2\/product\/8870","targetHints":{"allow":["GET"]}}],"collection":[{"href":"https:\/\/botanicae.es\/it\/wp-json\/wp\/v2\/product"}],"about":[{"href":"https:\/\/botanicae.es\/it\/wp-json\/wp\/v2\/types\/product"}],"replies":[{"embeddable":true,"href":"https:\/\/botanicae.es\/it\/wp-json\/wp\/v2\/comments?post=8870"}],"version-history":[{"count":0,"href":"https:\/\/botanicae.es\/it\/wp-json\/wp\/v2\/product\/8870\/revisions"}],"wp:featuredmedia":[{"embeddable":true,"href":"https:\/\/botanicae.es\/it\/wp-json\/wp\/v2\/media\/17282"}],"wp:attachment":[{"href":"https:\/\/botanicae.es\/it\/wp-json\/wp\/v2\/media?parent=8870"}],"wp:term":[{"taxonomy":"product_brand","embeddable":true,"href":"https:\/\/botanicae.es\/it\/wp-json\/wp\/v2\/product_brand?post=8870"},{"taxonomy":"product_cat","embeddable":true,"href":"https:\/\/botanicae.es\/it\/wp-json\/wp\/v2\/product_cat?post=8870"},{"taxonomy":"product_tag","embeddable":true,"href":"https:\/\/botanicae.es\/it\/wp-json\/wp\/v2\/product_tag?post=8870"}],"curies":[{"name":"wp","href":"https:\/\/api.w.org\/{rel}","templated":true}]}}